{"id":392,"date":"2020-10-01T14:52:44","date_gmt":"2020-10-01T17:52:44","guid":{"rendered":"http:\/\/pedrotorminn.com.br\/mastopexia-copy\/"},"modified":"2020-10-05T16:21:53","modified_gmt":"2020-10-05T19:21:53","slug":"incisao-periareolar","status":"publish","type":"page","link":"http:\/\/pedrotorminn.com.br\/en\/periareolar-incision\/","title":{"rendered":"Periareolar (Nipple) Incision"},"content":{"rendered":"<div data-elementor-type=\"wp-page\" data-elementor-id=\"392\" class=\"elementor elementor-392\" data-elementor-post-type=\"page\">\n\t\t\t\t\t\t<section class=\"elementor-section elementor-top-section elementor-element elementor-element-9d9debf elementor-section-boxed elementor-section-height-default elementor-section-height-default\" data-id=\"9d9debf\" data-element_type=\"section\">\n\t\t\t\t\t\t<div class=\"elementor-container elementor-column-gap-default\">\n\t\t\t\t\t<div class=\"elementor-column elementor-col-50 elementor-top-column elementor-element elementor-element-f509682\" data-id=\"f509682\" data-element_type=\"column\">\n\t\t\t<div class=\"elementor-widget-wrap elementor-element-populated\">\n\t\t\t\t\t\t<div class=\"elementor-element elementor-element-48fde55 elementor-widget elementor-widget-text-editor\" data-id=\"48fde55\" data-element_type=\"widget\" data-widget_type=\"text-editor.default\">\n\t\t\t\t<div class=\"elementor-widget-container\">\n\t\t\t\t\t\t\t\t\t<p>By placing breast implants thro ugh incisions made around the borders of the areola (the darkened tissue surrounding the nipple), Dr. Torminn is able to provide stunning results with minimal post-operative scarring. The periareolar incision is usually the choice for patients who choose to combine their breast augmentation with a breast lift. This is because both procedures can be performed using the same incisions, which further minimizes the appearance of scarring. Dr. Torminn begins the procedure by making thin incisions along the border of the areola (see figures). Scars that form as a result of this type of incision tend to blend in with the natural pigmentation of the areola and are therefore difficult to see.<\/p><p>\u00a0<\/p><p>Through these discreet incisions, Dr. Torminn is able to place the implant precisely in the desired location in the chest. Because the incisions are so small, they usually heal relatively quickly, thus decreasing recovery time after the procedure. As with any procedure, there are risks associated with periareolar breast augmentation, including a temporary loss of sensation in the nipple and pain during recovery. However, these risks are fairly rare and are generally offset by the beautiful results that Dr. Torminn achieves.<br \/>\u00c9 um procedimento um pouco mais complexo com limita\u00e7\u00f5es individuais que devem ser discutidas caso a caso.<\/p>\t\t\t\t\t\t\t\t<\/div>\n\t\t\t\t<\/div>\n\t\t\t\t\t<\/div>\n\t\t<\/div>\n\t\t\t\t<div class=\"elementor-column elementor-col-50 elementor-top-column elementor-element elementor-element-55fdd9e ccontent\" data-id=\"55fdd9e\" data-element_type=\"column\" data-settings=\"{&quot;background_background&quot;:&quot;classic&quot;}\">\n\t\t\t<div class=\"elementor-widget-wrap elementor-element-populated\">\n\t\t\t\t\t\t<div class=\"elementor-element elementor-element-491a2eb elementor-widget elementor-widget-heading\" data-id=\"491a2eb\" data-element_type=\"widget\" data-widget_type=\"heading.default\">\n\t\t\t\t<div class=\"elementor-widget-container\">\n\t\t\t\t\t<h2 class=\"elementor-heading-title elementor-size-default\">Gallery<\/h2>\t\t\t\t<\/div>\n\t\t\t\t<\/div>\n\t\t\t\t<div class=\"elementor-element elementor-element-e485af1 elementor-widget elementor-widget-gallery\" data-id=\"e485af1\" data-element_type=\"widget\" data-settings=\"{&quot;aspect_ratio&quot;:&quot;1:1&quot;,&quot;lazyload&quot;:&quot;yes&quot;,&quot;gallery_layout&quot;:&quot;grid&quot;,&quot;columns&quot;:4,&quot;columns_tablet&quot;:2,&quot;columns_mobile&quot;:1,&quot;gap&quot;:{&quot;unit&quot;:&quot;px&quot;,&quot;size&quot;:10,&quot;sizes&quot;:[]},&quot;gap_tablet&quot;:{&quot;unit&quot;:&quot;px&quot;,&quot;size&quot;:10,&quot;sizes&quot;:[]},&quot;gap_mobile&quot;:{&quot;unit&quot;:&quot;px&quot;,&quot;size&quot;:10,&quot;sizes&quot;:[]},&quot;link_to&quot;:&quot;file&quot;,&quot;overlay_background&quot;:&quot;yes&quot;,&quot;content_hover_animation&quot;:&quot;fade-in&quot;}\" data-widget_type=\"gallery.default\">\n\t\t\t\t<div class=\"elementor-widget-container\">\n\t\t\t\t\t\t\t<div class=\"elementor-gallery__container\">\n\t\t\t\t\t\t\t<a class=\"e-gallery-item elementor-gallery-item elementor-animated-content\" href=\"http:\/\/pedrotorminn.com.br\/wp-content\/uploads\/2020\/10\/incisao-periareolar-Exemplo-A.jpg\" data-elementor-open-lightbox=\"yes\" data-elementor-lightbox-slideshow=\"e485af1\" data-elementor-lightbox-title=\"incis\u00e3o periareolar - Exemplo A\" data-elementor-lightbox-description=\"incis\u00e3o periareolar - Exemplo A\" data-e-action-hash=\"#elementor-action%3Aaction%3Dlightbox%26settings%3DeyJpZCI6Mzk2LCJ1cmwiOiJodHRwOlwvXC9wZWRyb3Rvcm1pbm4uY29tLmJyXC93cC1jb250ZW50XC91cGxvYWRzXC8yMDIwXC8xMFwvaW5jaXNhby1wZXJpYXJlb2xhci1FeGVtcGxvLUEuanBnIiwic2xpZGVzaG93IjoiZTQ4NWFmMSJ9\">\n\t\t\t\t\t<div class=\"e-gallery-image elementor-gallery-item__image\" data-thumbnail=\"http:\/\/pedrotorminn.com.br\/wp-content\/uploads\/2020\/10\/incisao-periareolar-Exemplo-A.jpg\" data-width=\"224\" data-height=\"180\" aria-label=\"incis\u00e3o periareolar - Exemplo A\" role=\"img\" ><\/div>\n\t\t\t\t\t\t\t\t\t\t\t<div class=\"elementor-gallery-item__overlay\"><\/div>\n\t\t\t\t\t\t\t\t\t\t\t\t\t\t<\/a>\n\t\t\t\t\t\t\t<a class=\"e-gallery-item elementor-gallery-item elementor-animated-content\" href=\"http:\/\/pedrotorminn.com.br\/wp-content\/uploads\/2020\/10\/incisao-periareolar-Exemplo-B.jpg\" data-elementor-open-lightbox=\"yes\" data-elementor-lightbox-slideshow=\"e485af1\" data-elementor-lightbox-title=\"incis\u00e3o periareolar - Exemplo B\" data-e-action-hash=\"#elementor-action%3Aaction%3Dlightbox%26settings%3DeyJpZCI6Mzk3LCJ1cmwiOiJodHRwOlwvXC9wZWRyb3Rvcm1pbm4uY29tLmJyXC93cC1jb250ZW50XC91cGxvYWRzXC8yMDIwXC8xMFwvaW5jaXNhby1wZXJpYXJlb2xhci1FeGVtcGxvLUIuanBnIiwic2xpZGVzaG93IjoiZTQ4NWFmMSJ9\">\n\t\t\t\t\t<div class=\"e-gallery-image elementor-gallery-item__image\" data-thumbnail=\"http:\/\/pedrotorminn.com.br\/wp-content\/uploads\/2020\/10\/incisao-periareolar-Exemplo-B-300x120.jpg\" data-width=\"300\" data-height=\"120\" aria-label=\"\" role=\"img\" ><\/div>\n\t\t\t\t\t\t\t\t\t\t\t<div class=\"elementor-gallery-item__overlay\"><\/div>\n\t\t\t\t\t\t\t\t\t\t\t\t\t\t<\/a>\n\t\t\t\t\t<\/div>\n\t\t\t\t\t<\/div>\n\t\t\t\t<\/div>\n\t\t\t\t<div class=\"elementor-element elementor-element-b75120d elementor-widget elementor-widget-gallery\" data-id=\"b75120d\" data-element_type=\"widget\" data-settings=\"{&quot;columns&quot;:3,&quot;gap&quot;:{&quot;unit&quot;:&quot;px&quot;,&quot;size&quot;:12,&quot;sizes&quot;:[]},&quot;aspect_ratio&quot;:&quot;1:1&quot;,&quot;overlay_title&quot;:&quot;title&quot;,&quot;lazyload&quot;:&quot;yes&quot;,&quot;gallery_layout&quot;:&quot;grid&quot;,&quot;columns_tablet&quot;:2,&quot;columns_mobile&quot;:1,&quot;gap_tablet&quot;:{&quot;unit&quot;:&quot;px&quot;,&quot;size&quot;:10,&quot;sizes&quot;:[]},&quot;gap_mobile&quot;:{&quot;unit&quot;:&quot;px&quot;,&quot;size&quot;:10,&quot;sizes&quot;:[]},&quot;link_to&quot;:&quot;file&quot;,&quot;content_hover_animation&quot;:&quot;fade-in&quot;}\" data-widget_type=\"gallery.default\">\n\t\t\t\t<div class=\"elementor-widget-container\">\n\t\t\t\t\t\t\t<div class=\"elementor-gallery__container\">\n\t\t\t\t\t<\/div>\n\t\t\t\t\t<\/div>\n\t\t\t\t<\/div>\n\t\t\t\t\t<\/div>\n\t\t<\/div>\n\t\t\t\t\t<\/div>\n\t\t<\/section>\n\t\t\t\t<\/div>","protected":false},"excerpt":{"rendered":"<p class=\"excerpt\">Este tipo de incis\u00e3o \u00e9 realizado dentro da ar\u00e9ola, sendo uma das mais utilizadas no Brasil, por apresentar um excelente resultado est\u00e9tico. Pode-se associar ainda, uma mastopexia (levantamento da mama) atrav\u00e9s desta mesma incis\u00e3o, desde que esta queda seja m\u00ednima. O Dr. Pedro Torminn inicia o procedimento marcando a incis\u00e3o no bordo inferior da ar\u00e9ola [&hellip;]<\/p>","protected":false},"author":1,"featured_media":0,"parent":0,"menu_order":0,"comment_status":"closed","ping_status":"closed","template":"template-blank.php","meta":{"footnotes":""},"class_list":["post-392","page","type-page","status-publish","hentry"],"_links":{"self":[{"href":"http:\/\/pedrotorminn.com.br\/en\/wp-json\/wp\/v2\/pages\/392","targetHints":{"allow":["GET"]}}],"collection":[{"href":"http:\/\/pedrotorminn.com.br\/en\/wp-json\/wp\/v2\/pages"}],"about":[{"href":"http:\/\/pedrotorminn.com.br\/en\/wp-json\/wp\/v2\/types\/page"}],"author":[{"embeddable":true,"href":"http:\/\/pedrotorminn.com.br\/en\/wp-json\/wp\/v2\/users\/1"}],"replies":[{"embeddable":true,"href":"http:\/\/pedrotorminn.com.br\/en\/wp-json\/wp\/v2\/comments?post=392"}],"version-history":[{"count":7,"href":"http:\/\/pedrotorminn.com.br\/en\/wp-json\/wp\/v2\/pages\/392\/revisions"}],"predecessor-version":[{"id":499,"href":"http:\/\/pedrotorminn.com.br\/en\/wp-json\/wp\/v2\/pages\/392\/revisions\/499"}],"wp:attachment":[{"href":"http:\/\/pedrotorminn.com.br\/en\/wp-json\/wp\/v2\/media?parent=392"}],"curies":[{"name":"wp","href":"https:\/\/api.w.org\/{rel}","templated":true}]}}