{"id":419,"date":"2020-10-01T16:04:46","date_gmt":"2020-10-01T19:04:46","guid":{"rendered":"http:\/\/pedrotorminn.com.br\/home-copy\/"},"modified":"2020-10-01T17:08:50","modified_gmt":"2020-10-01T20:08:50","slug":"blog","status":"publish","type":"page","link":"https:\/\/pedrotorminn.com.br\/en\/blog\/","title":{"rendered":"Blog"},"content":{"rendered":"<div data-elementor-type=\"wp-page\" data-elementor-id=\"419\" class=\"elementor elementor-419\" data-elementor-post-type=\"page\">\n\t\t\t\t\t\t<section class=\"elementor-section elementor-top-section elementor-element elementor-element-492a004d elementor-section-boxed elementor-section-height-default elementor-section-height-default\" data-id=\"492a004d\" data-element_type=\"section\" data-settings=\"{&quot;background_background&quot;:&quot;classic&quot;}\">\n\t\t\t\t\t\t<div class=\"elementor-container elementor-column-gap-default\">\n\t\t\t\t\t<div class=\"elementor-column elementor-col-66 elementor-top-column elementor-element elementor-element-6aea8f3f\" data-id=\"6aea8f3f\" data-element_type=\"column\" data-settings=\"{&quot;background_background&quot;:&quot;classic&quot;}\">\n\t\t\t<div class=\"elementor-widget-wrap elementor-element-populated\">\n\t\t\t\t\t\t<div class=\"elementor-element elementor-element-19ce9f89 elementor-widget elementor-widget-heading\" data-id=\"19ce9f89\" data-element_type=\"widget\" data-widget_type=\"heading.default\">\n\t\t\t\t<div class=\"elementor-widget-container\">\n\t\t\t\t\t<h1 class=\"elementor-heading-title elementor-size-default\">BLOG<\/h1>\t\t\t\t<\/div>\n\t\t\t\t<\/div>\n\t\t\t\t<div class=\"elementor-element elementor-element-a2388ff elementor-grid-1 elementor-posts--thumbnail-left elementor-posts--align-left elementor-grid-tablet-2 elementor-grid-mobile-1 elementor-widget elementor-widget-posts\" data-id=\"a2388ff\" data-element_type=\"widget\" data-settings=\"{&quot;classic_columns&quot;:&quot;1&quot;,&quot;pagination_type&quot;:&quot;prev_next&quot;,&quot;classic_columns_tablet&quot;:&quot;2&quot;,&quot;classic_columns_mobile&quot;:&quot;1&quot;,&quot;classic_row_gap&quot;:{&quot;unit&quot;:&quot;px&quot;,&quot;size&quot;:35,&quot;sizes&quot;:[]},&quot;classic_row_gap_tablet&quot;:{&quot;unit&quot;:&quot;px&quot;,&quot;size&quot;:&quot;&quot;,&quot;sizes&quot;:[]},&quot;classic_row_gap_mobile&quot;:{&quot;unit&quot;:&quot;px&quot;,&quot;size&quot;:&quot;&quot;,&quot;sizes&quot;:[]}}\" data-widget_type=\"posts.classic\">\n\t\t\t\t<div class=\"elementor-widget-container\">\n\t\t\t\t\t\t\t<div class=\"elementor-posts-container elementor-posts elementor-posts--skin-classic elementor-grid\" role=\"list\">\n\t\t\t\t<article class=\"elementor-post elementor-grid-item post-1 post type-post status-publish format-standard has-post-thumbnail hentry category-instagram\" role=\"listitem\">\n\t\t\t\t<a class=\"elementor-post__thumbnail__link\" href=\"https:\/\/pedrotorminn.com.br\/en\/instagram\/o-que-lifting-sobrancelha\/\" tabindex=\"-1\" target=&quot;_blank&quot;>\n\t\t\t<div class=\"elementor-post__thumbnail\"><img fetchpriority=\"high\" decoding=\"async\" width=\"300\" height=\"300\" src=\"https:\/\/pedrotorminn.com.br\/wp-content\/uploads\/2020\/09\/120417734_819527212209703_2269075217443782753_n-300x300.jpg\" class=\"attachment-medium size-medium wp-image-415\" alt=\"\" srcset=\"https:\/\/pedrotorminn.com.br\/wp-content\/uploads\/2020\/09\/120417734_819527212209703_2269075217443782753_n-300x300.jpg 300w, https:\/\/pedrotorminn.com.br\/wp-content\/uploads\/2020\/09\/120417734_819527212209703_2269075217443782753_n-150x150.jpg 150w, https:\/\/pedrotorminn.com.br\/wp-content\/uploads\/2020\/09\/120417734_819527212209703_2269075217443782753_n-768x768.jpg 768w, https:\/\/pedrotorminn.com.br\/wp-content\/uploads\/2020\/09\/120417734_819527212209703_2269075217443782753_n-480x480.jpg 480w, https:\/\/pedrotorminn.com.br\/wp-content\/uploads\/2020\/09\/120417734_819527212209703_2269075217443782753_n.jpg 800w\" sizes=\"(max-width: 300px) 100vw, 300px\" \/><\/div>\n\t\t<\/a>\n\t\t\t\t<div class=\"elementor-post__text\">\n\t\t\t\t<h3 class=\"elementor-post__title\">\n\t\t\t<a href=\"https:\/\/pedrotorminn.com.br\/en\/instagram\/o-que-lifting-sobrancelha\/\" target=&quot;_blank&quot;>\n\t\t\t\tO que \u00e9 o Lifting de Sobrancelha?\t\t\t<\/a>\n\t\t<\/h3>\n\t\t\t\t<div class=\"elementor-post__excerpt\">\n\t\t\t<p class=\"excerpt\">O Lifting de Sobrancelha \u00e9 um Procedimento para corrigir as sobrancelhas ca\u00eddas e melhorar as linhas da testa, que d\u00e3o um ar cansado, bravo ou triste \u00e0s pessoas.<\/p>\n\t\t<\/div>\n\t\t\n\t\t<a class=\"elementor-post__read-more\" href=\"https:\/\/pedrotorminn.com.br\/en\/instagram\/o-que-lifting-sobrancelha\/\" aria-label=\"Read more about O que \u00e9 o Lifting de Sobrancelha?\" tabindex=\"-1\" target=\"_blank\">\n\t\t\tLeia mais \u00bb\t\t<\/a>\n\n\t\t\t\t<\/div>\n\t\t\t\t<\/article>\n\t\t\t\t<article class=\"elementor-post elementor-grid-item post-444 post type-post status-publish format-standard has-post-thumbnail hentry category-instagram\" role=\"listitem\">\n\t\t\t\t<a class=\"elementor-post__thumbnail__link\" href=\"https:\/\/pedrotorminn.com.br\/en\/instagram\/rejuvenecimento-colo-pescoco-papada\/\" tabindex=\"-1\" target=&quot;_blank&quot;>\n\t\t\t<div class=\"elementor-post__thumbnail\"><img decoding=\"async\" width=\"300\" height=\"300\" src=\"https:\/\/pedrotorminn.com.br\/wp-content\/uploads\/2020\/10\/120190479_252326206097653_605478161543381956_n-300x300.jpg\" class=\"attachment-medium size-medium wp-image-447\" alt=\"\" srcset=\"https:\/\/pedrotorminn.com.br\/wp-content\/uploads\/2020\/10\/120190479_252326206097653_605478161543381956_n-300x300.jpg 300w, https:\/\/pedrotorminn.com.br\/wp-content\/uploads\/2020\/10\/120190479_252326206097653_605478161543381956_n-150x150.jpg 150w, https:\/\/pedrotorminn.com.br\/wp-content\/uploads\/2020\/10\/120190479_252326206097653_605478161543381956_n-768x768.jpg 768w, https:\/\/pedrotorminn.com.br\/wp-content\/uploads\/2020\/10\/120190479_252326206097653_605478161543381956_n-480x480.jpg 480w, https:\/\/pedrotorminn.com.br\/wp-content\/uploads\/2020\/10\/120190479_252326206097653_605478161543381956_n.jpg 800w\" sizes=\"(max-width: 300px) 100vw, 300px\" \/><\/div>\n\t\t<\/a>\n\t\t\t\t<div class=\"elementor-post__text\">\n\t\t\t\t<h3 class=\"elementor-post__title\">\n\t\t\t<a href=\"https:\/\/pedrotorminn.com.br\/en\/instagram\/rejuvenecimento-colo-pescoco-papada\/\" target=&quot;_blank&quot;>\n\t\t\t\tRejuvenecimento &#8211; Colo, pesco\u00e7o e papada\t\t\t<\/a>\n\t\t<\/h3>\n\t\t\t\t<div class=\"elementor-post__excerpt\">\n\t\t\t<p class=\"excerpt\">Muito procurada nos consult\u00f3rios de Cirurgia Pl\u00e1stica, a CERVICOPLASTIA, como o LIFTING DE PESCO\u00c7O tamb\u00e9m \u00e9 conhecido, \u00e9 uma Cirurgia Pl\u00e1stica que tem como principal objetivo eliminar as<\/p>\n\t\t<\/div>\n\t\t\n\t\t<a class=\"elementor-post__read-more\" href=\"https:\/\/pedrotorminn.com.br\/en\/instagram\/rejuvenecimento-colo-pescoco-papada\/\" aria-label=\"Read more about Rejuvenecimento &#8211; Colo, pesco\u00e7o e papada\" tabindex=\"-1\" target=\"_blank\">\n\t\t\tLeia mais \u00bb\t\t<\/a>\n\n\t\t\t\t<\/div>\n\t\t\t\t<\/article>\n\t\t\t\t<\/div>\n\t\t\n\t\t\t\t\t\t<\/div>\n\t\t\t\t<\/div>\n\t\t\t\t\t<\/div>\n\t\t<\/div>\n\t\t\t\t<div class=\"elementor-column elementor-col-33 elementor-top-column elementor-element elementor-element-1c1f55cf\" data-id=\"1c1f55cf\" data-element_type=\"column\" data-settings=\"{&quot;background_background&quot;:&quot;classic&quot;}\">\n\t\t\t<div class=\"elementor-widget-wrap elementor-element-populated\">\n\t\t\t\t\t\t<div class=\"elementor-element elementor-element-20db8a2c elementor-widget elementor-widget-wp-widget-recent-posts\" data-id=\"20db8a2c\" data-element_type=\"widget\" data-widget_type=\"wp-widget-recent-posts.default\">\n\t\t\t\t<div class=\"elementor-widget-container\">\n\t\t\t\t\t\n\t\t\n\t\t<h5>Posts Recentes<\/h5>\n\t\t<ul>\n\t\t\t\t\t\t\t\t\t\t\t<li>\n\t\t\t\t\t<a href=\"https:\/\/pedrotorminn.com.br\/en\/instagram\/o-que-lifting-sobrancelha\/\">O que \u00e9 o Lifting de Sobrancelha?<\/a>\n\t\t\t\t\t\t\t\t\t<\/li>\n\t\t\t\t\t\t\t\t\t\t\t<li>\n\t\t\t\t\t<a href=\"https:\/\/pedrotorminn.com.br\/en\/instagram\/rejuvenecimento-colo-pescoco-papada\/\">Rejuvenecimento &#8211; Colo, pesco\u00e7o e papada<\/a>\n\t\t\t\t\t\t\t\t\t<\/li>\n\t\t\t\t\t<\/ul>\n\n\t\t\t\t\t\t<\/div>\n\t\t\t\t<\/div>\n\t\t\t\t<div class=\"elementor-element elementor-element-78547656 elementor-widget elementor-widget-wp-widget-categories\" data-id=\"78547656\" data-element_type=\"widget\" data-widget_type=\"wp-widget-categories.default\">\n\t\t\t\t<div class=\"elementor-widget-container\">\n\t\t\t\t\t<h5>Categories<\/h5>\n\t\t\t<ul>\n\t\t\t\t\t<li class=\"cat-item cat-item-10\"><a href=\"https:\/\/pedrotorminn.com.br\/en\/category\/instagram\/\">Instagram<\/a>\n<\/li>\n\t\t\t<\/ul>\n\n\t\t\t\t\t\t\t<\/div>\n\t\t\t\t<\/div>\n\t\t\t\t<div class=\"elementor-element elementor-element-752d539 elementor-widget elementor-widget-heading\" data-id=\"752d539\" data-element_type=\"widget\" data-widget_type=\"heading.default\">\n\t\t\t\t<div class=\"elementor-widget-container\">\n\t\t\t\t\t<h3 class=\"elementor-heading-title elementor-size-default\">Siga nas redes sociais<\/h3>\t\t\t\t<\/div>\n\t\t\t\t<\/div>\n\t\t\t\t<div class=\"elementor-element elementor-element-3fc89dd2 elementor-shape-rounded elementor-grid-0 e-grid-align-center elementor-widget elementor-widget-social-icons\" data-id=\"3fc89dd2\" data-element_type=\"widget\" data-widget_type=\"social-icons.default\">\n\t\t\t\t<div class=\"elementor-widget-container\">\n\t\t\t\t\t\t\t<div class=\"elementor-social-icons-wrapper elementor-grid\" role=\"list\">\n\t\t\t\t\t\t\t<span class=\"elementor-grid-item\" role=\"listitem\">\n\t\t\t\t\t<a class=\"elementor-icon elementor-social-icon elementor-social-icon-facebook elementor-repeater-item-cec7176\" target=\"_blank\">\n\t\t\t\t\t\t<span class=\"elementor-screen-only\">Facebook<\/span>\n\t\t\t\t\t\t<i aria-hidden=\"true\" class=\"fab fa-facebook\"><\/i>\t\t\t\t\t<\/a>\n\t\t\t\t<\/span>\n\t\t\t\t\t\t\t<span class=\"elementor-grid-item\" role=\"listitem\">\n\t\t\t\t\t<a class=\"elementor-icon elementor-social-icon elementor-social-icon-twitter elementor-repeater-item-bf36882\" target=\"_blank\">\n\t\t\t\t\t\t<span class=\"elementor-screen-only\">Twitter<\/span>\n\t\t\t\t\t\t<i aria-hidden=\"true\" class=\"fab fa-twitter\"><\/i>\t\t\t\t\t<\/a>\n\t\t\t\t<\/span>\n\t\t\t\t\t\t\t<span class=\"elementor-grid-item\" role=\"listitem\">\n\t\t\t\t\t<a class=\"elementor-icon elementor-social-icon elementor-social-icon-youtube elementor-repeater-item-3ed547c\" target=\"_blank\">\n\t\t\t\t\t\t<span class=\"elementor-screen-only\">Youtube<\/span>\n\t\t\t\t\t\t<i aria-hidden=\"true\" class=\"fab fa-youtube\"><\/i>\t\t\t\t\t<\/a>\n\t\t\t\t<\/span>\n\t\t\t\t\t<\/div>\n\t\t\t\t\t\t<\/div>\n\t\t\t\t<\/div>\n\t\t\t\t\t<\/div>\n\t\t<\/div>\n\t\t\t\t\t<\/div>\n\t\t<\/section>\n\t\t\t\t<\/div>","protected":false},"excerpt":{"rendered":"<p class=\"excerpt\">BLOG Siga nas redes sociais Facebook Twitter Youtube<\/p>","protected":false},"author":1,"featured_media":0,"parent":0,"menu_order":0,"comment_status":"closed","ping_status":"closed","template":"template-blank.php","meta":{"footnotes":""},"class_list":["post-419","page","type-page","status-publish","hentry"],"_links":{"self":[{"href":"https:\/\/pedrotorminn.com.br\/en\/wp-json\/wp\/v2\/pages\/419","targetHints":{"allow":["GET"]}}],"collection":[{"href":"https:\/\/pedrotorminn.com.br\/en\/wp-json\/wp\/v2\/pages"}],"about":[{"href":"https:\/\/pedrotorminn.com.br\/en\/wp-json\/wp\/v2\/types\/page"}],"author":[{"embeddable":true,"href":"https:\/\/pedrotorminn.com.br\/en\/wp-json\/wp\/v2\/users\/1"}],"replies":[{"embeddable":true,"href":"https:\/\/pedrotorminn.com.br\/en\/wp-json\/wp\/v2\/comments?post=419"}],"version-history":[{"count":11,"href":"https:\/\/pedrotorminn.com.br\/en\/wp-json\/wp\/v2\/pages\/419\/revisions"}],"predecessor-version":[{"id":432,"href":"https:\/\/pedrotorminn.com.br\/en\/wp-json\/wp\/v2\/pages\/419\/revisions\/432"}],"wp:attachment":[{"href":"https:\/\/pedrotorminn.com.br\/en\/wp-json\/wp\/v2\/media?parent=419"}],"curies":[{"name":"wp","href":"https:\/\/api.w.org\/{rel}","templated":true}]}}